{"id":51422,"date":"2022-02-07T18:56:05","date_gmt":"2022-02-07T16:56:05","guid":{"rendered":"https:\/\/www.barbecue.be\/ueber\/"},"modified":"2022-07-04T01:19:03","modified_gmt":"2022-07-03T23:19:03","slug":"ueber","status":"publish","type":"page","link":"https:\/\/www.barbecue.be\/de\/ueber\/","title":{"rendered":"\u00dcber"},"content":{"rendered":"<p>[et_pb_section fb_built=&#8220;1&#8243; _builder_version=&#8220;4.16&#8243; _module_preset=&#8220;default&#8220; background_color=&#8220;rgba(23,23,23,0.3)&#8220; background_image=&#8220;https:\/\/www.barbecue.be\/wp-content\/uploads\/2022\/02\/headertest.jpg&#8220; background_blend=&#8220;multiply&#8220; global_colors_info=&#8220;{}&#8220;][et_pb_row _builder_version=&#8220;4.16&#8243; _module_preset=&#8220;default&#8220; global_colors_info=&#8220;{}&#8220;][et_pb_column type=&#8220;4_4&#8243; _builder_version=&#8220;4.16&#8243; _module_preset=&#8220;default&#8220; global_colors_info=&#8220;{}&#8220;][et_pb_text _builder_version=&#8220;4.16&#8243; _dynamic_attributes=&#8220;content&#8220; _module_preset=&#8220;default&#8220; header_text_align=&#8220;center&#8220; header_text_color=&#8220;#FFFFFF&#8220; header_font_size=&#8220;50px&#8220; global_colors_info=&#8220;{}&#8220;]@ET-DC@eyJkeW5hbWljIjp0cnVlLCJjb250ZW50IjoicG9zdF90aXRsZSIsInNldHRpbmdzIjp7ImJlZm9yZSI6IjxoMT4iLCJhZnRlciI6IiB1bnM8XC9oMT4ifX0=@[\/et_pb_text][et_pb_text _builder_version=&#8220;4.16&#8243; _module_preset=&#8220;default&#8220; text_font=&#8220;|700|||||||&#8220; text_text_color=&#8220;#FFFFFF&#8220; text_font_size=&#8220;30px&#8220; text_orientation=&#8220;center&#8220; global_colors_info=&#8220;{}&#8220;]<\/p>\n<p><span>Wer sind wir?<\/span><\/p>\n<p>[\/et_pb_text][\/et_pb_column][\/et_pb_row][\/et_pb_section][et_pb_section fb_built=&#8220;1&#8243; _builder_version=&#8220;4.16&#8243; _module_preset=&#8220;default&#8220; custom_margin=&#8220;0px||0px||true|false&#8220; custom_padding=&#8220;0px||0px||true|false&#8220; global_module=&#8220;310&#8243; saved_tabs=&#8220;all&#8220; global_colors_info=&#8220;{}&#8220;][et_pb_row _builder_version=&#8220;4.16&#8243; _module_preset=&#8220;default&#8220; global_colors_info=&#8220;{}&#8220;][et_pb_column type=&#8220;4_4&#8243; _builder_version=&#8220;4.16&#8243; _module_preset=&#8220;default&#8220; global_colors_info=&#8220;{}&#8220;][et_pb_code _builder_version=&#8220;4.16&#8243; _module_preset=&#8220;default&#8220; global_colors_info=&#8220;{}&#8220;]<nav aria-label=\"breadcrumbs\" class=\"rank-math-breadcrumb\"><p><span class=\"last\">Accueil<\/span><\/p><\/nav>[\/et_pb_code][\/et_pb_column][\/et_pb_row][\/et_pb_section][et_pb_section fb_built=&#8220;1&#8243; _builder_version=&#8220;4.16&#8243; _module_preset=&#8220;default&#8220; custom_padding=&#8220;0px|||||&#8220; global_colors_info=&#8220;{}&#8220;][et_pb_row _builder_version=&#8220;4.16&#8243; _module_preset=&#8220;default&#8220; global_colors_info=&#8220;{}&#8220;][et_pb_column type=&#8220;4_4&#8243; _builder_version=&#8220;4.16&#8243; _module_preset=&#8220;default&#8220; global_colors_info=&#8220;{}&#8220;][et_pb_text _builder_version=&#8220;4.16&#8243; _module_preset=&#8220;default&#8220; global_colors_info=&#8220;{}&#8220;]<\/p>\n<p style=\"text-align: center;\">Ein wenig Geschichte<\/p>\n<h2 role=\"heading\" aria-level=\"3\" aria-label=\"Historique de Barbecue &amp; Vigne\" style=\"text-align: center;\"><span class=\"word1\" aria-hidden=\"true\">Geschichte<\/span><span> <\/span><span class=\"word2\" aria-hidden=\"true\">von<\/span><span> <\/span><span class=\"word3\" aria-hidden=\"true\">Barbecue<\/span><span> <\/span><span class=\"word4\" aria-hidden=\"true\">&amp;<\/span><span> <\/span><span class=\"word5\" aria-hidden=\"true\">Vigne<\/span><\/h2>\n<p>[\/et_pb_text][\/et_pb_column][\/et_pb_row][et_pb_row column_structure=&#8220;3_4,1_4&#8243; make_equal=&#8220;on&#8220; _builder_version=&#8220;4.16&#8243; _module_preset=&#8220;default&#8220; global_colors_info=&#8220;{}&#8220;][et_pb_column type=&#8220;3_4&#8243; _builder_version=&#8220;4.16&#8243; _module_preset=&#8220;default&#8220; custom_css_main_element=&#8220;margin:auto;&#8220; global_colors_info=&#8220;{}&#8220;][et_pb_text _builder_version=&#8220;4.17.4&#8243; _module_preset=&#8220;default&#8220; hover_enabled=&#8220;0&#8243; global_colors_info=&#8220;{}&#8220; sticky_enabled=&#8220;0&#8243;]<\/p>\n<p>Das Hause Goffinet hat im Jahre 1997 mit seiner Aktivit\u00e4t begonnen. Es ist im 2010 Barbecue &amp; vigne GMBH bekomen. Wir bieten Ihnen Grills der besten Qualitaet und einen aussergewoehnlichen Brennstoff, das Weinstockholz. Dies ist der Brennstoff den Kenner und Feinschmecker vorziehen.<\/p>\n<p><strong><span style=\"font-size: 26px;\">1997<\/span><\/strong> eine Idee : alte Weinstoecke<\/p>\n<p>In Belgien, wird dieses <a href=\"https:\/\/www.barbecue.be\/de\/weinstoke\/\" title=\"Se diriger vers la page des Combustibles\">einzigartige Produkt<\/a> nur durch unser Haus vertrieben. Jede einzelne Produktionsstufe wird durch uns vorgenommen.<br \/>Die von uns benutzten Rebst\u00f6cke werden im Rahmen der Ernte in den gro\u00dfen Weingebieten eingesammelt. Wir f\u00fchren eine Selektion durch und sammeln das Brennmaterial anschliessend ein. <\/p>\n<p>Nach einer kurzen Trocknungsperiode, werden die St\u00f6cke zerkleinert, verpackt und werden durch <a href=\"https:\/\/www.barbecue.be\/de\/wo-kaufen\/#combustibles\" title=\"Se diriger vers la page O\u00f9 acheter\">unser Verteilernetz vertrieben.<\/a><\/p>\n<p>[\/et_pb_text][\/et_pb_column][et_pb_column type=&#8220;1_4&#8243; _builder_version=&#8220;4.16&#8243; _module_preset=&#8220;default&#8220; global_colors_info=&#8220;{}&#8220;][et_pb_image src=&#8220;https:\/\/www.barbecue.be\/wp-content\/uploads\/2022\/04\/ceps-de-vigne-BBQ-4kg-nouveaux-sacs-2020-det-small.png&#8220; title_text=&#8220;ceps de vigne BBQ 4kg &#8211; nouveaux sacs 2020 det small&#8220; _builder_version=&#8220;4.16&#8243; _module_preset=&#8220;default&#8220; global_colors_info=&#8220;{}&#8220;][\/et_pb_image][\/et_pb_column][\/et_pb_row][\/et_pb_section][et_pb_section fb_built=&#8220;1&#8243; _builder_version=&#8220;4.16&#8243; _module_preset=&#8220;default&#8220; background_image=&#8220;https:\/\/www.barbecue.be\/wp-content\/uploads\/2022\/03\/Barbecue-et-vigne-SPRL-show-room-1.jpg&#8220; parallax=&#8220;on&#8220; parallax_method=&#8220;off&#8220; global_colors_info=&#8220;{}&#8220;][et_pb_row _builder_version=&#8220;4.16&#8243; _module_preset=&#8220;default&#8220; custom_padding=&#8220;100px||100px||true|false&#8220; global_colors_info=&#8220;{}&#8220;][et_pb_column type=&#8220;4_4&#8243; _builder_version=&#8220;4.16&#8243; _module_preset=&#8220;default&#8220; global_colors_info=&#8220;{}&#8220;][et_pb_text _builder_version=&#8220;4.17.4&#8243; _module_preset=&#8220;default&#8220; text_font=&#8220;Roboto||||||||&#8220; text_text_color=&#8220;#FFFFFF&#8220; text_font_size=&#8220;40px&#8220; text_letter_spacing=&#8220;1px&#8220; text_line_height=&#8220;1.4em&#8220; text_orientation=&#8220;center&#8220; text_font_size_tablet=&#8220;40px&#8220; text_font_size_phone=&#8220;30px&#8220; text_font_size_last_edited=&#8220;on|phone&#8220; text_text_shadow_style=&#8220;preset5&#8243; text_text_shadow_color=&#8220;#000000&#8243; header_text_shadow_style=&#8220;preset5&#8243; header_text_shadow_color=&#8220;#000000&#8243; global_colors_info=&#8220;{}&#8220;]<\/p>\n<p><strong>Seit 1997 bieten wir Ihnen unsere Auswahl an hochwertigen Grills und einen au\u00dfergew\u00f6hnlichen Brennstoff, das Holz der Weinrebe, an.<\/strong><\/p>\n<p>[\/et_pb_text][et_pb_image src=&#8220;https:\/\/www.barbecue.be\/wp-content\/uploads\/2022\/02\/Logo-BBQVigne-blanc_1.png&#8220; title_text=&#8220;Logo-BBQ&amp;Vigne-blanc_1&#8243; _builder_version=&#8220;4.16&#8243; _module_preset=&#8220;default&#8220; width=&#8220;17%&#8220; module_alignment=&#8220;center&#8220; global_colors_info=&#8220;{}&#8220;][\/et_pb_image][et_pb_text _builder_version=&#8220;4.17.4&#8243; _module_preset=&#8220;default&#8220; text_font=&#8220;Roboto||||||||&#8220; text_text_color=&#8220;#FFFFFF&#8220; text_font_size=&#8220;40px&#8220; text_letter_spacing=&#8220;1px&#8220; text_line_height=&#8220;1.4em&#8220; text_orientation=&#8220;center&#8220; max_width=&#8220;1600px&#8220; text_font_size_tablet=&#8220;40px&#8220; text_font_size_phone=&#8220;30px&#8220; text_font_size_last_edited=&#8220;on|phone&#8220; text_text_shadow_style=&#8220;preset5&#8243; text_text_shadow_color=&#8220;#000000&#8243; header_text_shadow_style=&#8220;preset5&#8243; header_text_shadow_color=&#8220;#000000&#8243; global_colors_info=&#8220;{}&#8220;]<\/p>\n<p><strong> Es ist der ideale nat\u00fcrliche Brennstoff zum Grillen und R\u00e4uchern.<\/strong><\/p>\n<p>[\/et_pb_text][\/et_pb_column][\/et_pb_row][\/et_pb_section][et_pb_section fb_built=&#8220;1&#8243; _builder_version=&#8220;4.16&#8243; _module_preset=&#8220;default&#8220; custom_padding=&#8220;0px|||||&#8220; global_colors_info=&#8220;{}&#8220;][et_pb_row column_structure=&#8220;1_2,1_2&#8243; make_equal=&#8220;on&#8220; _builder_version=&#8220;4.16&#8243; _module_preset=&#8220;default&#8220; custom_padding=&#8220;60px|||||&#8220; global_colors_info=&#8220;{}&#8220;][et_pb_column type=&#8220;1_2&#8243; _builder_version=&#8220;4.16&#8243; _module_preset=&#8220;default&#8220; global_colors_info=&#8220;{}&#8220;][et_pb_image src=&#8220;https:\/\/www.barbecue.be\/wp-content\/uploads\/2022\/04\/Barbecue-duo.png&#8220; title_text=&#8220;Barbecue duo&#8220; _builder_version=&#8220;4.16&#8243; _module_preset=&#8220;default&#8220; animation_style=&#8220;slide&#8220; animation_direction=&#8220;left&#8220; global_colors_info=&#8220;{}&#8220;][\/et_pb_image][\/et_pb_column][et_pb_column type=&#8220;1_2&#8243; _builder_version=&#8220;4.16&#8243; _module_preset=&#8220;default&#8220; custom_css_main_element=&#8220;margin:auto;&#8220; global_colors_info=&#8220;{}&#8220;][et_pb_text _builder_version=&#8220;4.17.4&#8243; _module_preset=&#8220;default&#8220; hover_enabled=&#8220;0&#8243; global_colors_info=&#8220;{}&#8220; sticky_enabled=&#8220;0&#8243;]&nbsp;<\/p>\n<p><strong><span style=\"font-size: 26px;\">2017<\/span><\/strong> kommt nun der naechste logische Schritt : eine Auswahl von Grills, die ebenso schoen wie funktionell sind<\/p>\n<p>Mit unserer zwanzigjaehrigen Erfahrung haben wir fuer sie diese aussergewoehnliche Auswahlan <a href=\"https:\/\/www.barbecue.be\/de\/grills\/\" title=\"Se diriger vers la page des Barbecues\">Grills<\/a> zusammengestellt. Einfach und pfiffig zu bedienen, werten sie Ihren Garten auf. Die Materialien und Bauweise garantieren viele Jahre sorgenfreier Benutzung und Freude.<\/p>\n<p>Hergestellt in Daenemark und nicht in Asien, erfuellen diese Geraete Ihre hoechsten Ansprueche.[\/et_pb_text][\/et_pb_column][\/et_pb_row][\/et_pb_section]<\/p>\n","protected":false},"excerpt":{"rendered":"<p>Wer sind wir?<nav aria-label=\"breadcrumbs\" class=\"rank-math-breadcrumb\"><p><span class=\"last\">Accueil<\/span><\/p><\/nav>Ein wenig Geschichte Geschichte von Barbecue &amp; VigneDas Hause Goffinet hat im Jahre 1997 mit seiner Aktivit\u00e4t begonnen. Es ist im 2010 Barbecue &amp; vigne GMBH bekomen. Wir bieten Ihnen Grills der besten Qualitaet und einen aussergewoehnlichen Brennstoff, das Weinstockholz. Dies ist der Brennstoff den Kenner und Feinschmecker vorziehen. 1997 eine Idee : [&hellip;]<\/p>\n","protected":false},"author":6,"featured_media":0,"parent":0,"menu_order":0,"comment_status":"closed","ping_status":"closed","template":"","meta":{"_et_pb_use_builder":"on","_et_pb_old_content":"","_et_gb_content_width":"","footnotes":""},"class_list":["post-51422","page","type-page","status-publish","hentry"],"_links":{"self":[{"href":"https:\/\/www.barbecue.be\/de\/wp-json\/wp\/v2\/pages\/51422","targetHints":{"allow":["GET"]}}],"collection":[{"href":"https:\/\/www.barbecue.be\/de\/wp-json\/wp\/v2\/pages"}],"about":[{"href":"https:\/\/www.barbecue.be\/de\/wp-json\/wp\/v2\/types\/page"}],"author":[{"embeddable":true,"href":"https:\/\/www.barbecue.be\/de\/wp-json\/wp\/v2\/users\/6"}],"replies":[{"embeddable":true,"href":"https:\/\/www.barbecue.be\/de\/wp-json\/wp\/v2\/comments?post=51422"}],"version-history":[{"count":9,"href":"https:\/\/www.barbecue.be\/de\/wp-json\/wp\/v2\/pages\/51422\/revisions"}],"predecessor-version":[{"id":51756,"href":"https:\/\/www.barbecue.be\/de\/wp-json\/wp\/v2\/pages\/51422\/revisions\/51756"}],"wp:attachment":[{"href":"https:\/\/www.barbecue.be\/de\/wp-json\/wp\/v2\/media?parent=51422"}],"curies":[{"name":"wp","href":"https:\/\/api.w.org\/{rel}","templated":true}]}}