{"id":51404,"date":"2022-06-17T15:35:14","date_gmt":"2022-06-17T13:35:14","guid":{"rendered":"https:\/\/www.barbecue.be\/unkategorisiert\/getrocknete-weinstoecke-palette-64-saecke\/"},"modified":"2022-07-20T12:11:40","modified_gmt":"2022-07-20T10:11:40","slug":"getrocknete-weinstocke-palette","status":"publish","type":"product","link":"https:\/\/www.barbecue.be\/de\/weinstoke\/getrocknete-weinstocke-palette\/","title":{"rendered":"Getrocknete Weinst\u00f6cke &#8211; Palette 64 S\u00e4cke"},"content":{"rendered":"<p>Haupt-Brennstoff, ersetzt Holzk\u00f6hle.<\/p>\n<p>Hartes Holz<\/p>\n<p>64 Beutel 4kg \/ Palette<\/p>\n","protected":false},"excerpt":{"rendered":"<p>Palette mit 64 S\u00e4cken (256kg)<br \/>\nKostenlose Lieferung in ganz Belgien<\/p>\n<p class=\"field-item even\"><strong>Palettenreferenz:<\/strong><\/p>\n<p class=\"field-item even\">PAL64<\/p>\n","protected":false},"featured_media":51395,"template":"","meta":{"_et_pb_use_builder":"off","_et_pb_old_content":"","_et_gb_content_width":""},"product_brand":[],"product_cat":[87],"product_tag":[],"class_list":{"0":"post-51404","1":"product","2":"type-product","3":"status-publish","4":"has-post-thumbnail","6":"product_cat-weinstoke","8":"first","9":"instock","10":"taxable","11":"shipping-taxable","12":"product-type-simple"},"_links":{"self":[{"href":"https:\/\/www.barbecue.be\/de\/wp-json\/wp\/v2\/product\/51404","targetHints":{"allow":["GET"]}}],"collection":[{"href":"https:\/\/www.barbecue.be\/de\/wp-json\/wp\/v2\/product"}],"about":[{"href":"https:\/\/www.barbecue.be\/de\/wp-json\/wp\/v2\/types\/product"}],"wp:featuredmedia":[{"embeddable":true,"href":"https:\/\/www.barbecue.be\/de\/wp-json\/wp\/v2\/media\/51395"}],"wp:attachment":[{"href":"https:\/\/www.barbecue.be\/de\/wp-json\/wp\/v2\/media?parent=51404"}],"wp:term":[{"taxonomy":"product_brand","embeddable":true,"href":"https:\/\/www.barbecue.be\/de\/wp-json\/wp\/v2\/product_brand?post=51404"},{"taxonomy":"product_cat","embeddable":true,"href":"https:\/\/www.barbecue.be\/de\/wp-json\/wp\/v2\/product_cat?post=51404"},{"taxonomy":"product_tag","embeddable":true,"href":"https:\/\/www.barbecue.be\/de\/wp-json\/wp\/v2\/product_tag?post=51404"}],"curies":[{"name":"wp","href":"https:\/\/api.w.org\/{rel}","templated":true}]}}