{"id":51405,"date":"2022-03-16T18:14:44","date_gmt":"2022-03-16T16:14:44","guid":{"rendered":"https:\/\/www.barbecue.be\/unkategorisiert\/raeucherchips-aus-weinreben-0-5kg\/"},"modified":"2022-03-16T18:14:44","modified_gmt":"2022-03-16T16:14:44","slug":"raucherchips-aus-weinreben","status":"publish","type":"product","link":"https:\/\/www.barbecue.be\/de\/weinstoke\/raucherchips-aus-weinreben\/","title":{"rendered":"R\u00e4ucherchips aus Weinreben &#8211; 0.5kg"},"content":{"rendered":"<p>F\u00fcr die Liebhaber der traditionellen Holzkohlegrill oder Gasgrill Hackschnitzel diese Reben bieten eine leichte und zarte Rauchen.<br \/>\nIn wirft eine Handvoll auf die Glut oder in die R\u00e4ucherbox Ihres Gasgrill, werden die Aromen des S\u00fcdens Duft Ihren k\u00f6stlich gegrillt.<\/p>\n<ul>\n<li>Ideal f\u00fcr feines und mildes R\u00e4uchern. <\/li>\n<li>R\u00e4ucherchips aus Weinreben helfen Ihnen, Ihrem Grillgut ein besonderes Aroma zu verleihen.<\/li>\n<\/ul>\n<h3>Verwenden<\/h3>\n<p>Legen Sie die Weinreben-Chips auf den Grillrost oder in die R\u00e4ucherbox Ihres Gasgrills und warten Sie ein paar Minuten bis sich der Rauch entwickelt <\/p>\n","protected":false},"excerpt":{"rendered":"<p>Hervorragende Aromen zum gleichzeitigen Grillen und R\u00e4uchern<\/p>\n<p><strong>Referenz :<\/strong><br \/>\nCOP500gr<\/p>\n<div class=\"woocommerce-product-details__short-description\">\n<p>Lieferung: Frankreich und Belgien<\/p>\n<\/div>\n","protected":false},"featured_media":51382,"template":"","meta":{"_et_pb_use_builder":"","_et_pb_old_content":"","_et_gb_content_width":""},"product_brand":[],"product_cat":[87],"product_tag":[],"class_list":{"0":"post-51405","1":"product","2":"type-product","3":"status-publish","4":"has-post-thumbnail","6":"product_cat-weinstoke","8":"first","9":"instock","10":"taxable","11":"shipping-taxable","12":"purchasable","13":"product-type-simple"},"_links":{"self":[{"href":"https:\/\/www.barbecue.be\/de\/wp-json\/wp\/v2\/product\/51405","targetHints":{"allow":["GET"]}}],"collection":[{"href":"https:\/\/www.barbecue.be\/de\/wp-json\/wp\/v2\/product"}],"about":[{"href":"https:\/\/www.barbecue.be\/de\/wp-json\/wp\/v2\/types\/product"}],"wp:featuredmedia":[{"embeddable":true,"href":"https:\/\/www.barbecue.be\/de\/wp-json\/wp\/v2\/media\/51382"}],"wp:attachment":[{"href":"https:\/\/www.barbecue.be\/de\/wp-json\/wp\/v2\/media?parent=51405"}],"wp:term":[{"taxonomy":"product_brand","embeddable":true,"href":"https:\/\/www.barbecue.be\/de\/wp-json\/wp\/v2\/product_brand?post=51405"},{"taxonomy":"product_cat","embeddable":true,"href":"https:\/\/www.barbecue.be\/de\/wp-json\/wp\/v2\/product_cat?post=51405"},{"taxonomy":"product_tag","embeddable":true,"href":"https:\/\/www.barbecue.be\/de\/wp-json\/wp\/v2\/product_tag?post=51405"}],"curies":[{"name":"wp","href":"https:\/\/api.w.org\/{rel}","templated":true}]}}