{"id":22,"date":"2021-09-23T14:01:03","date_gmt":"2021-09-23T12:01:03","guid":{"rendered":"https:\/\/www.barbecue.be\/?page_id=22"},"modified":"2022-07-29T11:00:02","modified_gmt":"2022-07-29T09:00:02","slug":"contact","status":"publish","type":"page","link":"https:\/\/www.barbecue.be\/fr\/contact\/","title":{"rendered":"Contact"},"content":{"rendered":"<p>[et_pb_section fb_built=\u00a0\u00bb1&Prime; _builder_version=\u00a0\u00bb4.17.4&Prime; _module_preset=\u00a0\u00bbdefault\u00a0\u00bb background_color=\u00a0\u00bbrgba(23,23,23,0.3)\u00a0\u00bb background_image=\u00a0\u00bbhttps:\/\/www.barbecue.be\/wp-content\/uploads\/2022\/06\/FIL03666b.jpg\u00a0\u00bb background_position=\u00a0\u00bbtop_center\u00a0\u00bb background_blend=\u00a0\u00bbmultiply\u00a0\u00bb global_colors_info=\u00a0\u00bb{}\u00a0\u00bb][et_pb_row _builder_version=\u00a0\u00bb4.16&Prime; _module_preset=\u00a0\u00bbdefault\u00a0\u00bb global_colors_info=\u00a0\u00bb{}\u00a0\u00bb][et_pb_column type=\u00a0\u00bb4_4&Prime; _builder_version=\u00a0\u00bb4.16&Prime; _module_preset=\u00a0\u00bbdefault\u00a0\u00bb global_colors_info=\u00a0\u00bb{}\u00a0\u00bb][et_pb_text _builder_version=\u00a0\u00bb4.16&Prime; _dynamic_attributes=\u00a0\u00bbcontent\u00a0\u00bb _module_preset=\u00a0\u00bbdefault\u00a0\u00bb header_text_align=\u00a0\u00bbcenter\u00a0\u00bb header_text_color=\u00a0\u00bb#FFFFFF\u00a0\u00bb header_font_size=\u00a0\u00bb50px\u00a0\u00bb global_colors_info=\u00a0\u00bb{}\u00a0\u00bb]@ET-DC@eyJkeW5hbWljIjp0cnVlLCJjb250ZW50IjoicG9zdF90aXRsZSIsInNldHRpbmdzIjp7ImJlZm9yZSI6IjxoMT4iLCJhZnRlciI6IjwvaDE+In19@[\/et_pb_text][et_pb_text _builder_version=\u00a0\u00bb4.16&Prime; _module_preset=\u00a0\u00bbdefault\u00a0\u00bb text_font=\u00a0\u00bb|700|||||||\u00a0\u00bb text_text_color=\u00a0\u00bb#FFFFFF\u00a0\u00bb text_font_size=\u00a0\u00bb30px\u00a0\u00bb text_orientation=\u00a0\u00bbcenter\u00a0\u00bb global_colors_info=\u00a0\u00bb{}\u00a0\u00bb]<\/p>\n<p>Besoin d&rsquo;une information ? N&rsquo;h\u00e9sitez pas \u00e0 nous contacter<\/p>\n<p>[\/et_pb_text][\/et_pb_column][\/et_pb_row][\/et_pb_section][et_pb_section fb_built=\u00a0\u00bb1&Prime; _builder_version=\u00a0\u00bb4.16&Prime; _module_preset=\u00a0\u00bbdefault\u00a0\u00bb custom_margin=\u00a0\u00bb0px||0px||true|false\u00a0\u00bb custom_padding=\u00a0\u00bb0px||0px||true|false\u00a0\u00bb global_module=\u00a0\u00bb310&Prime; saved_tabs=\u00a0\u00bball\u00a0\u00bb global_colors_info=\u00a0\u00bb{}\u00a0\u00bb][et_pb_row _builder_version=\u00a0\u00bb4.16&Prime; _module_preset=\u00a0\u00bbdefault\u00a0\u00bb global_colors_info=\u00a0\u00bb{}\u00a0\u00bb][et_pb_column type=\u00a0\u00bb4_4&Prime; _builder_version=\u00a0\u00bb4.16&Prime; _module_preset=\u00a0\u00bbdefault\u00a0\u00bb global_colors_info=\u00a0\u00bb{}\u00a0\u00bb][et_pb_code _builder_version=\u00a0\u00bb4.16&Prime; _module_preset=\u00a0\u00bbdefault\u00a0\u00bb global_colors_info=\u00a0\u00bb{}\u00a0\u00bb]<nav aria-label=\"breadcrumbs\" class=\"rank-math-breadcrumb\"><p><span class=\"last\">Accueil<\/span><\/p><\/nav>[\/et_pb_code][\/et_pb_column][\/et_pb_row][\/et_pb_section][et_pb_section fb_built=\u00a0\u00bb1&Prime; _builder_version=\u00a0\u00bb4.16&Prime; _module_preset=\u00a0\u00bbdefault\u00a0\u00bb custom_padding=\u00a0\u00bb||4px|||\u00a0\u00bb global_colors_info=\u00a0\u00bb{}\u00a0\u00bb][et_pb_row _builder_version=\u00a0\u00bb4.17.4&Prime; _module_preset=\u00a0\u00bbdefault\u00a0\u00bb custom_padding=\u00a0\u00bb0px|||||\u00a0\u00bb global_colors_info=\u00a0\u00bb{}\u00a0\u00bb][et_pb_column type=\u00a0\u00bb4_4&Prime; _builder_version=\u00a0\u00bb4.17.4&Prime; _module_preset=\u00a0\u00bbdefault\u00a0\u00bb global_colors_info=\u00a0\u00bb{}\u00a0\u00bb][et_pb_text _builder_version=\u00a0\u00bb4.17.4&Prime; _module_preset=\u00a0\u00bbdefault\u00a0\u00bb global_colors_info=\u00a0\u00bb{}\u00a0\u00bb]<\/p>\n<p>N&rsquo;h\u00e9sitez pas \u00e0 nous contacter si vous d\u00e9sirez recevoir plus d&rsquo;informations sur nos offres et nos services. Nous proposons aussi des prises de rendez-vous pour d\u00e9couvrir nos barbecues, sur place ou via Whatsapp ou Facetime.<\/p>\n<p>[\/et_pb_text][\/et_pb_column][\/et_pb_row][et_pb_row column_structure=\u00a0\u00bb1_3,1_3,1_3&Prime; _builder_version=\u00a0\u00bb4.16&Prime; _module_preset=\u00a0\u00bbdefault\u00a0\u00bb global_colors_info=\u00a0\u00bb{}\u00a0\u00bb][et_pb_column type=\u00a0\u00bb1_3&Prime; _builder_version=\u00a0\u00bb4.16&Prime; _module_preset=\u00a0\u00bbdefault\u00a0\u00bb global_colors_info=\u00a0\u00bb{}\u00a0\u00bb][et_pb_blurb title=\u00a0\u00bbE-mail : \u00a0\u00bb image=\u00a0\u00bbhttps:\/\/www.barbecue.be\/wp-content\/uploads\/2022\/02\/carpenter-2-contact-icons-1.png\u00a0\u00bb _builder_version=\u00a0\u00bb4.17.4&Prime; _module_preset=\u00a0\u00bbdefault\u00a0\u00bb header_level=\u00a0\u00bbh2&Prime; header_text_align=\u00a0\u00bbcenter\u00a0\u00bb text_orientation=\u00a0\u00bbcenter\u00a0\u00bb link_option_url=\u00a0\u00bbmailto:info@barbecue.be\u00a0\u00bb global_colors_info=\u00a0\u00bb{}\u00a0\u00bb]<\/p>\n<p><span>info@barbecue.be<\/span><\/p>\n<p>[\/et_pb_blurb][\/et_pb_column][et_pb_column type=\u00a0\u00bb1_3&Prime; _builder_version=\u00a0\u00bb4.16&Prime; _module_preset=\u00a0\u00bbdefault\u00a0\u00bb global_colors_info=\u00a0\u00bb{}\u00a0\u00bb][et_pb_blurb title=\u00a0\u00bbT\u00e9l\u00e9phone :\u00a0\u00bb image=\u00a0\u00bbhttps:\/\/www.barbecue.be\/wp-content\/uploads\/2022\/02\/carpenter-2-contact-icons-2.png\u00a0\u00bb _builder_version=\u00a0\u00bb4.16&Prime; _module_preset=\u00a0\u00bbdefault\u00a0\u00bb header_level=\u00a0\u00bbh2&Prime; header_text_align=\u00a0\u00bbcenter\u00a0\u00bb text_orientation=\u00a0\u00bbcenter\u00a0\u00bb global_colors_info=\u00a0\u00bb{}\u00a0\u00bb]<\/p>\n<p><span>+32 (0) 486 45 10 38<\/span><\/p>\n<p>[\/et_pb_blurb][\/et_pb_column][et_pb_column type=\u00a0\u00bb1_3&Prime; _builder_version=\u00a0\u00bb4.16&Prime; _module_preset=\u00a0\u00bbdefault\u00a0\u00bb global_colors_info=\u00a0\u00bb{}\u00a0\u00bb][et_pb_blurb title=\u00a0\u00bbAdresse :\u00a0\u00bb image=\u00a0\u00bbhttps:\/\/www.barbecue.be\/wp-content\/uploads\/2022\/02\/carpenter-2-contact-icons-3.png\u00a0\u00bb _builder_version=\u00a0\u00bb4.16&Prime; _module_preset=\u00a0\u00bbdefault\u00a0\u00bb header_level=\u00a0\u00bbh2&Prime; header_text_align=\u00a0\u00bbcenter\u00a0\u00bb text_orientation=\u00a0\u00bbcenter\u00a0\u00bb global_colors_info=\u00a0\u00bb{}\u00a0\u00bb]<\/p>\n<p><span>19, rue de Royenne,1390 Grez-Doiceau BELGIQUE<\/span><\/p>\n<p>[\/et_pb_blurb][\/et_pb_column][\/et_pb_row][\/et_pb_section][et_pb_section fb_built=\u00a0\u00bb1&Prime; _builder_version=\u00a0\u00bb4.16&Prime; _module_preset=\u00a0\u00bbdefault\u00a0\u00bb custom_padding=\u00a0\u00bb6px|||||\u00a0\u00bb global_colors_info=\u00a0\u00bb{}\u00a0\u00bb][et_pb_row _builder_version=\u00a0\u00bb4.16&Prime; _module_preset=\u00a0\u00bbdefault\u00a0\u00bb global_colors_info=\u00a0\u00bb{}\u00a0\u00bb][et_pb_column type=\u00a0\u00bb4_4&Prime; _builder_version=\u00a0\u00bb4.16&Prime; _module_preset=\u00a0\u00bbdefault\u00a0\u00bb global_colors_info=\u00a0\u00bb{}\u00a0\u00bb][et_pb_text _builder_version=\u00a0\u00bb4.17.4&Prime; _module_preset=\u00a0\u00bbdefault\u00a0\u00bb global_colors_info=\u00a0\u00bb{}\u00a0\u00bb]<\/p>\n<h2>Formulaire de Contact<\/h2>\n<p>Vous d\u00e9sirez recevoir une offre de prix personnalis\u00e9e pour l&rsquo;un de nos barbecues ? Renseignez ici un maximun d&rsquo;informations (type de barbecue, accessoires, adresse de livraison) ou laissez nous simplement vos informations de contact et nous nous ferons un plaisir de vous contacter.<\/p>\n<p>[\/et_pb_text][et_pb_contact_form captcha=\u00a0\u00bboff\u00a0\u00bb email=\u00a0\u00bbinfo@barbecue.be\u00a0\u00bb submit_button_text=\u00a0\u00bbEnvoi\u00a0\u00bb _builder_version=\u00a0\u00bb4.17.4&Prime; _module_preset=\u00a0\u00bbdefault\u00a0\u00bb _unique_id=\u00a0\u00bbe69822a6-4d2f-4431-a5a4-0e10213eead4&Prime; border_width_all=\u00a0\u00bb1px\u00a0\u00bb border_color_all=\u00a0\u00bb#E94E1A\u00a0\u00bb global_colors_info=\u00a0\u00bb{}\u00a0\u00bb][et_pb_contact_field field_id=\u00a0\u00bbName\u00a0\u00bb field_title=\u00a0\u00bbNom*\u00a0\u00bb _builder_version=\u00a0\u00bb4.17.4&Prime; global_colors_info=\u00a0\u00bb{}\u00a0\u00bb button_text_size__hover_enabled=\u00a0\u00bboff\u00a0\u00bb button_one_text_size__hover_enabled=\u00a0\u00bboff\u00a0\u00bb button_two_text_size__hover_enabled=\u00a0\u00bboff\u00a0\u00bb button_text_color__hover_enabled=\u00a0\u00bboff\u00a0\u00bb button_one_text_color__hover_enabled=\u00a0\u00bboff\u00a0\u00bb button_two_text_color__hover_enabled=\u00a0\u00bboff\u00a0\u00bb button_border_width__hover_enabled=\u00a0\u00bboff\u00a0\u00bb button_one_border_width__hover_enabled=\u00a0\u00bboff\u00a0\u00bb button_two_border_width__hover_enabled=\u00a0\u00bboff\u00a0\u00bb button_border_color__hover_enabled=\u00a0\u00bboff\u00a0\u00bb button_one_border_color__hover_enabled=\u00a0\u00bboff\u00a0\u00bb button_two_border_color__hover_enabled=\u00a0\u00bboff\u00a0\u00bb button_border_radius__hover_enabled=\u00a0\u00bboff\u00a0\u00bb button_one_border_radius__hover_enabled=\u00a0\u00bboff\u00a0\u00bb button_two_border_radius__hover_enabled=\u00a0\u00bboff\u00a0\u00bb button_letter_spacing__hover_enabled=\u00a0\u00bboff\u00a0\u00bb button_one_letter_spacing__hover_enabled=\u00a0\u00bboff\u00a0\u00bb button_two_letter_spacing__hover_enabled=\u00a0\u00bboff\u00a0\u00bb button_bg_color__hover_enabled=\u00a0\u00bboff\u00a0\u00bb button_one_bg_color__hover_enabled=\u00a0\u00bboff\u00a0\u00bb button_two_bg_color__hover_enabled=\u00a0\u00bboff\u00a0\u00bb][\/et_pb_contact_field][et_pb_contact_field field_id=\u00a0\u00bbEmail\u00a0\u00bb field_title=\u00a0\u00bbAdresse e-mail*\u00a0\u00bb field_type=\u00a0\u00bbemail\u00a0\u00bb _builder_version=\u00a0\u00bb4.17.4&Prime; global_colors_info=\u00a0\u00bb{}\u00a0\u00bb button_text_size__hover_enabled=\u00a0\u00bboff\u00a0\u00bb button_one_text_size__hover_enabled=\u00a0\u00bboff\u00a0\u00bb button_two_text_size__hover_enabled=\u00a0\u00bboff\u00a0\u00bb button_text_color__hover_enabled=\u00a0\u00bboff\u00a0\u00bb button_one_text_color__hover_enabled=\u00a0\u00bboff\u00a0\u00bb button_two_text_color__hover_enabled=\u00a0\u00bboff\u00a0\u00bb button_border_width__hover_enabled=\u00a0\u00bboff\u00a0\u00bb button_one_border_width__hover_enabled=\u00a0\u00bboff\u00a0\u00bb button_two_border_width__hover_enabled=\u00a0\u00bboff\u00a0\u00bb button_border_color__hover_enabled=\u00a0\u00bboff\u00a0\u00bb button_one_border_color__hover_enabled=\u00a0\u00bboff\u00a0\u00bb button_two_border_color__hover_enabled=\u00a0\u00bboff\u00a0\u00bb button_border_radius__hover_enabled=\u00a0\u00bboff\u00a0\u00bb button_one_border_radius__hover_enabled=\u00a0\u00bboff\u00a0\u00bb button_two_border_radius__hover_enabled=\u00a0\u00bboff\u00a0\u00bb button_letter_spacing__hover_enabled=\u00a0\u00bboff\u00a0\u00bb button_one_letter_spacing__hover_enabled=\u00a0\u00bboff\u00a0\u00bb button_two_letter_spacing__hover_enabled=\u00a0\u00bboff\u00a0\u00bb button_bg_color__hover_enabled=\u00a0\u00bboff\u00a0\u00bb button_one_bg_color__hover_enabled=\u00a0\u00bboff\u00a0\u00bb button_two_bg_color__hover_enabled=\u00a0\u00bboff\u00a0\u00bb][\/et_pb_contact_field][et_pb_contact_field field_id=\u00a0\u00bbphone\u00a0\u00bb field_title=\u00a0\u00bbT\u00e9l\u00e9phone*\u00a0\u00bb _builder_version=\u00a0\u00bb4.17.4&Prime; _module_preset=\u00a0\u00bbdefault\u00a0\u00bb global_colors_info=\u00a0\u00bb{}\u00a0\u00bb][\/et_pb_contact_field][et_pb_contact_field field_id=\u00a0\u00bbService\u00a0\u00bb field_title=\u00a0\u00bbService*\u00a0\u00bb field_type=\u00a0\u00bbselect\u00a0\u00bb select_options=\u00a0\u00bb%91{%22value%22:%22Demande d&rsquo;information%22,%22checked%22:0,%22dragID%22:-1},{%22value%22:%22Demande de prix BBQ%22,%22checked%22:0,%22dragID%22:0},{%22value%22:%22R\u00e9server une visite\/essai%22,%22checked%22:0,%22dragID%22:1},{%22value%22:%22SAV%22,%22checked%22:0,%22dragID%22:2}%93&Prime; _builder_version=\u00a0\u00bb4.17.4&Prime; _module_preset=\u00a0\u00bbdefault\u00a0\u00bb global_colors_info=\u00a0\u00bb{}\u00a0\u00bb][\/et_pb_contact_field][et_pb_contact_field field_id=\u00a0\u00bbMessage\u00a0\u00bb field_title=\u00a0\u00bbMessage\u00a0\u00bb field_type=\u00a0\u00bbtext\u00a0\u00bb fullwidth_field=\u00a0\u00bbon\u00a0\u00bb _builder_version=\u00a0\u00bb4.17.4&Prime; global_colors_info=\u00a0\u00bb{}\u00a0\u00bb button_text_size__hover_enabled=\u00a0\u00bboff\u00a0\u00bb button_one_text_size__hover_enabled=\u00a0\u00bboff\u00a0\u00bb button_two_text_size__hover_enabled=\u00a0\u00bboff\u00a0\u00bb button_text_color__hover_enabled=\u00a0\u00bboff\u00a0\u00bb button_one_text_color__hover_enabled=\u00a0\u00bboff\u00a0\u00bb button_two_text_color__hover_enabled=\u00a0\u00bboff\u00a0\u00bb button_border_width__hover_enabled=\u00a0\u00bboff\u00a0\u00bb button_one_border_width__hover_enabled=\u00a0\u00bboff\u00a0\u00bb button_two_border_width__hover_enabled=\u00a0\u00bboff\u00a0\u00bb button_border_color__hover_enabled=\u00a0\u00bboff\u00a0\u00bb button_one_border_color__hover_enabled=\u00a0\u00bboff\u00a0\u00bb button_two_border_color__hover_enabled=\u00a0\u00bboff\u00a0\u00bb button_border_radius__hover_enabled=\u00a0\u00bboff\u00a0\u00bb button_one_border_radius__hover_enabled=\u00a0\u00bboff\u00a0\u00bb button_two_border_radius__hover_enabled=\u00a0\u00bboff\u00a0\u00bb button_letter_spacing__hover_enabled=\u00a0\u00bboff\u00a0\u00bb button_one_letter_spacing__hover_enabled=\u00a0\u00bboff\u00a0\u00bb button_two_letter_spacing__hover_enabled=\u00a0\u00bboff\u00a0\u00bb button_bg_color__hover_enabled=\u00a0\u00bboff\u00a0\u00bb button_one_bg_color__hover_enabled=\u00a0\u00bboff\u00a0\u00bb button_two_bg_color__hover_enabled=\u00a0\u00bboff\u00a0\u00bb][\/et_pb_contact_field][et_pb_contact_field field_id=\u00a0\u00bbField_4&Prime; field_title=\u00a0\u00bb \u00a0\u00bb field_type=\u00a0\u00bbcheckbox\u00a0\u00bb checkbox_options=\u00a0\u00bb%91{%22value%22:%22 Je consens \u00e0 la politique de confidentialit\u00e9.%22,%22checked%22:0,%22dragID%22:-1,%22link_url%22:%22\/politique-de-confidentialite\/%22}%93&Prime; fullwidth_field=\u00a0\u00bbon\u00a0\u00bb _builder_version=\u00a0\u00bb4.17.4&Prime; _module_preset=\u00a0\u00bbdefault\u00a0\u00bb global_colors_info=\u00a0\u00bb{}\u00a0\u00bb][\/et_pb_contact_field][\/et_pb_contact_form][et_pb_text _builder_version=\u00a0\u00bb4.17.4&Prime; _module_preset=\u00a0\u00bbdefault\u00a0\u00bb global_colors_info=\u00a0\u00bb{}\u00a0\u00bb]<\/p>\n<p>*Les champs marqu\u00e9s d&rsquo;un ast\u00e9risque (*) sont obligatoires<\/p>\n<p>[\/et_pb_text][\/et_pb_column][\/et_pb_row][\/et_pb_section]<\/p>\n","protected":false},"excerpt":{"rendered":"<p>Besoin d&rsquo;une information ? N&rsquo;h\u00e9sitez pas \u00e0 nous contacter<nav aria-label=\"breadcrumbs\" class=\"rank-math-breadcrumb\"><p><span class=\"last\">Accueil<\/span><\/p><\/nav>N&rsquo;h\u00e9sitez pas \u00e0 nous contacter si vous d\u00e9sirez recevoir plus d&rsquo;informations sur nos offres et nos services. Nous proposons aussi des prises de rendez-vous pour d\u00e9couvrir nos barbecues, sur place ou via Whatsapp ou Facetime.info@barbecue.be+32 (0) 486 45 10 3819, rue de Royenne,1390 Grez-Doiceau BELGIQUEFormulaire de Contact [&hellip;]<\/p>\n","protected":false},"author":6,"featured_media":0,"parent":0,"menu_order":0,"comment_status":"closed","ping_status":"closed","template":"","meta":{"_et_pb_use_builder":"on","_et_pb_old_content":"","_et_gb_content_width":"","footnotes":""},"class_list":["post-22","page","type-page","status-publish","hentry"],"_links":{"self":[{"href":"https:\/\/www.barbecue.be\/fr\/wp-json\/wp\/v2\/pages\/22","targetHints":{"allow":["GET"]}}],"collection":[{"href":"https:\/\/www.barbecue.be\/fr\/wp-json\/wp\/v2\/pages"}],"about":[{"href":"https:\/\/www.barbecue.be\/fr\/wp-json\/wp\/v2\/types\/page"}],"author":[{"embeddable":true,"href":"https:\/\/www.barbecue.be\/fr\/wp-json\/wp\/v2\/users\/6"}],"replies":[{"embeddable":true,"href":"https:\/\/www.barbecue.be\/fr\/wp-json\/wp\/v2\/comments?post=22"}],"version-history":[{"count":19,"href":"https:\/\/www.barbecue.be\/fr\/wp-json\/wp\/v2\/pages\/22\/revisions"}],"predecessor-version":[{"id":52088,"href":"https:\/\/www.barbecue.be\/fr\/wp-json\/wp\/v2\/pages\/22\/revisions\/52088"}],"wp:attachment":[{"href":"https:\/\/www.barbecue.be\/fr\/wp-json\/wp\/v2\/media?parent=22"}],"curies":[{"name":"wp","href":"https:\/\/api.w.org\/{rel}","templated":true}]}}