{"id":41,"date":"2021-10-20T18:47:54","date_gmt":"2021-10-20T16:47:54","guid":{"rendered":"https:\/\/www.barbecue.be\/?page_id=41"},"modified":"2022-02-07T14:13:58","modified_gmt":"2022-02-07T12:13:58","slug":"politique-de-confidentialite","status":"publish","type":"page","link":"https:\/\/www.barbecue.be\/fr\/politique-de-confidentialite\/","title":{"rendered":"Politique de confidentialit\u00e9"},"content":{"rendered":"\n<p><strong>ARTICLE 1 \u2013 PRINCIPES GENERAUX<\/strong><\/p>\n\n\n\n<p>1.1&nbsp;   Barbecue&nbsp;&amp;&nbsp;Vigne&nbsp;sprl dont le si\u00e8ge social est \u00e9tabli [adresse] enregistr\u00e9e \u00e0 la BCE sous le num\u00e9ro BE0684.683.903, ci-apr\u00e8s d\u00e9nomm\u00e9e  Barbecue&nbsp;&amp;&nbsp;Vigne&nbsp;sprl exploite site web [urlsiteweb] (ci-apr\u00e8s le \u00ab Site \u00bb).<\/p>\n\n\n\n<p>1.2&nbsp;&nbsp;&nbsp; Toutes les donn\u00e9es \u00e0 caract\u00e8re personnel que nous collectons (ci-apr\u00e8s les \u00ab Donn\u00e9es \u00bb) seront trait\u00e9es conform\u00e9ment aux r\u00e9glementations belges et europ\u00e9ennes applicables \u00e0 la protection des donn\u00e9es \u00e0 caract\u00e8re personnel, notamment&nbsp; le R\u00e8glement (UE) 2016\/679 du Parlement Europ\u00e9en et du Conseil du 27 avril 2016 relatif \u00e0 la protection des personnes physiques \u00e0 l\u2019\u00e9gard du traitement des donn\u00e9es \u00e0 caract\u00e8re personnel et \u00e0 la libre circulation de ces donn\u00e9es et abrogeant la directive 95\/46\/CE (r\u00e8glement g\u00e9n\u00e9ral sur le protection des donn\u00e9es, \u00ab RGPD\u00bb), la Directive 2002\/58\/CE, modifi\u00e9e par la Directive 2009\/136\/CE et la loi&nbsp; du 13 Juin 2005 dite \u00ab Loi relative aux communications \u00e9lectroniques \u00bb modifi\u00e9e par la loi du 10 juillet 2012.<\/p>\n\n\n\n<p>1.3&nbsp;&nbsp;&nbsp; Vous \u00eates invit\u00e9 \u00e0 parcourir attentivement la pr\u00e9sente Charte de confidentialit\u00e9 (ci-apr\u00e8s la \u00ab Charte \u00bb) et \u00e0 prendre connaissance de son contenu.<\/p>\n\n\n\n<p><strong>ARTICLE 2 : CHAMP D\u2019APPLICATION<\/strong><\/p>\n\n\n\n<p>2.1&nbsp;&nbsp;&nbsp; La Charte d\u00e9crit les mesures prises pour l\u2019exploitation et la gestion de vos Donn\u00e9es lors de l\u2019utilisation du Site et vos droits en tant qu\u2019utilisateur du Site.<\/p>\n\n\n\n<p>2.2&nbsp;&nbsp;&nbsp; La Charte s\u2019applique \u00e0 tous les services propos\u00e9s par [urlsiteweb] via le Site.<\/p>\n\n\n\n<p><strong>ARTICLE 3 : DONNEES SUSCEPTIBLES D\u2019ETRE RECUEILLIES<\/strong><\/p>\n\n\n\n<p>3.1 &nbsp;&nbsp; Voici les donn\u00e9es que nous r\u00e9coltons&nbsp;:<strong><\/strong><\/p>\n\n\n\n<p>A- L\u2019adresse IP, &#8211; Les urls du site visit\u00e9es avant de venir sur notre site internet (site web r\u00e9f\u00e9rent), &#8211; Le navigateur utilis\u00e9, &#8211; La date et l\u2019heure de votre visite, &#8211; Le temps que vous passez sur le site Tictactrip, &#8211; La langue du navigateur, &#8211; Le syst\u00e8me d\u2019exploitation, &#8211; Le dispositif d\u2019acc\u00e8s utilis\u00e9, &#8211; Les urls des pages visit\u00e9es sur notre site.<\/p>\n\n\n\n<p>3.2&nbsp;&nbsp;&nbsp; Lorsque vous visitez notre Site, nous pouvons \u00eatre amen\u00e9s \u00e0 recueillir des informations (en ce inclus les Donn\u00e9es) de plusieurs mani\u00e8res :<\/p>\n\n\n\n<p>3.2.1 Donn\u00e9es fournies par les utilisateurs. Nous collectons les Donn\u00e9es que vous communiquez sur le Site aux fins de permettre \u00e0 Barbecue&nbsp;&amp;&nbsp;Vigne&nbsp;sprl et \u00e0 ses Partenaires de traiter et ex\u00e9cuter vos commandes.<\/p>\n\n\n\n<p>3.2.2 Informations recueilles par le biais d\u2019outils technologiques. Lorsque vous naviguez sur notre Site, nos syst\u00e8mes informatiques peuvent recueillir des donn\u00e9es passives telles que votre adresse IP (Internet Protocol) ou le type de votre navigateur. Nous utilisons \u00e9galement les Cookies pour collecter des informations sur la date et l\u2019heure de votre visite ou les zones du Site que vous avez visit\u00e9.<\/p>\n\n\n\n<p>3.3&nbsp;&nbsp;&nbsp; En visitant notre Site ou communiquant vos Donn\u00e9es, vous consentez \u00e0 et autorisez la collecte et le traitement de vos Donn\u00e9es tels que d\u00e9crits dans la Charte. Si vous ne consentez pas \u00e0 ou que vous ne pouvez pas autoriser la collecte ou le traitement de vos Donn\u00e9es tels que d\u00e9crits dans cette Charte, n\u2019utilisez pas le Site.<strong><em><\/em><\/strong><\/p>\n\n\n\n<p>3.4&nbsp;&nbsp;&nbsp; Vous avez le droit de retirer votre consentement \u00e0 tout moment en contactant Barbecue&nbsp;&amp;&nbsp;Vigne&nbsp;sprl \u00e0 l\u2019adresse suivante : [adresse] ou par email \u00e0 l\u2019adresse suivante : [email].&nbsp;<\/p>\n\n\n\n<p><strong>ARTICLE 4 : FINALITE DU TRAITEMENT DES DONNEES<\/strong><\/p>\n\n\n\n<p>4.1&nbsp;&nbsp;&nbsp; Les Donn\u00e9es que nous collectons servent \u00e0 traiter l\u2019ex\u00e9cution et le suivi de vos commandes et des prestations qui en d\u00e9coulent. Elles servent aussi \u00e0 am\u00e9liorer les services que nous vous proposons en nous renseignant sur vos int\u00e9r\u00eats concernant les fonctionnalit\u00e9s, les performances et le support de nos services.<\/p>\n\n\n\n<p>4.2&nbsp;&nbsp;&nbsp; Nous pouvons \u00e9galement \u00eatre amen\u00e9s \u00e0 utiliser ces Donn\u00e9es pour effectuer des \u00e9tudes internes destin\u00e9es \u00e0 am\u00e9liorer nos services.<\/p>\n\n\n\n<p>4.3&nbsp;&nbsp;&nbsp; Nous pouvons \u00eatre amen\u00e9s \u00e0 divulguer vos Donn\u00e9es si cela est n\u00e9cessaire afin de (a) respecter les lois applicables ou satisfaire \u00e0 une ordonnance ou une injonction provenant des Cours et Tribunaux, ou de (b) prot\u00e9ger et d\u00e9fendre nos droits ou ceux des utilisateurs du Site.<\/p>\n\n\n\n<p>4.5&nbsp;&nbsp;&nbsp; Nous serons \u00e9galement amen\u00e9s \u00e0 transmettre vos Donn\u00e9es \u00e0 nos partenaires \u00e0 savoir Amazon et Awin et ce en vue d\u2019assurer la ou les prestations de services rendues sur notre site.<\/p>\n\n\n\n<p>4.6&nbsp;&nbsp;&nbsp; Nous pouvons \u00abanonymiser\u00bb les Donn\u00e9es en \u00f4tant les \u00e9l\u00e9ments identifiables personnellement tels que le nom et l\u2019adresse e-mail, et regrouper les donn\u00e9es pour les utiliser dans le cadre d\u2019\u00e9tudes de march\u00e9 ou \u00e0 d\u2019autres fins professionnelles. Nous pourrons ensuite \u00eatre amen\u00e9s \u00e0 divulguer ces informations anonymis\u00e9es \u00e0 des tiers.<\/p>\n\n\n\n<p><strong>ARTICLE 5 : DROIT D\u2019OPPOSITION<\/strong><\/p>\n\n\n\n<p>5.1&nbsp;&nbsp;&nbsp; Vous avez le droit de vous opposer au traitement de vos Donn\u00e9es ainsi qu\u2019\u00e0 leur utilisation \u00e0 des fins de prospection, notamment commerciale. Ce droit peut \u00eatre exerc\u00e9 en adressant un courrier au si\u00e8ge de Barbecue&nbsp;&amp;&nbsp;Vigne&nbsp;sprl : [adresse] OU par email \u00e0 l\u2019adresse suivante :[email]<\/p>\n\n\n\n<p>5.2&nbsp;&nbsp;&nbsp; Pour le d\u00e9sabonnement \u00e0 nos lettres d\u2019information, vous pouvez exercer le droit d\u2019opposition en cliquant sur le lien de d\u00e9sabonnement situ\u00e9 en bas de chacune de nos lettres d\u2019information. Les demandes de d\u00e9sabonnement ne sont effectives que si un message vous le confirme. Si ce n\u2019est pas le cas, vous pouvez exercer le droit d\u2019opposition tel que &nbsp;&nbsp; d\u00e9crit \u00e0 l\u2019article 6.1 de la pr\u00e9sente Charte.<\/p>\n\n\n\n<p><strong>ARTICLE 6 : DROIT D\u2019ACCES, DE RECTIFICATION, D\u2019EFFACEMENT ET A LA LIMITATION DU TRAITEMENT<\/strong><\/p>\n\n\n\n<p>6.1&nbsp;&nbsp;&nbsp; Vous disposez d\u2019un droit d\u2019acc\u00e8s, de rectification, \u00e0 l\u2019effacement et \u00e0 la limitation du traitement des Donn\u00e9es qui vous concernent, conform\u00e9ment aux articles 15, 16, 17 et 18 du RGPD.<\/p>\n\n\n\n<p>6.2.&nbsp;&nbsp;&nbsp; Ces droits peuvent \u00eatre exerc\u00e9s en adressant un courrier au si\u00e8ge de Barbecue&nbsp;&amp;&nbsp;Vigne&nbsp;sprl : [adresse] OU par email \u00e0 l\u2019adresse suivante :  [email] <\/p>\n\n\n\n<p>6.3&nbsp;&nbsp;&nbsp; Avant de r\u00e9pondre \u00e0 une demande en ce sens, nous pouvons vous inviter \u00e0 vous identifier.<\/p>\n\n\n\n<p><strong>ARTICLE 7 : DROIT DE PORTABILITE<\/strong><\/p>\n\n\n\n<p>7.1. &nbsp;&nbsp; Vous disposez \u00e9galement du droit de recevoir les Donn\u00e9es qui vous concernent et que vous avez fournies \u00e0 Barbecue&nbsp;&amp;&nbsp;Vigne&nbsp;sprl  dans un format structur\u00e9, couramment utilis\u00e9 et lisible par machine et du droit de les transmettre \u00e0 une autre responsable du traitement lorsque le traitement de ces Donn\u00e9es est effectu\u00e9 \u00e0 l\u2019aide de proc\u00e9d\u00e9s automatis\u00e9s.<\/p>\n\n\n\n<p><strong>ARTICLE 8 : SECURISATION<\/strong><\/p>\n\n\n\n<p>Afin d\u2019assurer la protection des Donn\u00e9es recueillies, nous avons mis en place un programme de s\u00e9curisation des informations stock\u00e9es dans ces syst\u00e8mes. En outre, nos syst\u00e8mes informatiques disposent d\u2019un cryptage des donn\u00e9es et d\u2019un dispositif de protection logiciel.<\/p>\n\n\n\n<p><strong>ARTICLE 9 : CONSERVATION DES DONNEES<\/strong><\/p>\n\n\n\n<p>Barbecue&nbsp;&amp;&nbsp;Vigne&nbsp;sprl pourra conserver vos Donn\u00e9es pendant une dur\u00e9e de dur\u00e9e n\u2019exc\u00e9dant pas ce qui est n\u00e9cessaire apr\u00e8s l\u2019annulation de votre inscription afin de vous offrir de nouveaux produits et\/ou services.<\/p>\n\n\n\n<p><strong>ARTICLE 10 : DROIT DE RECLAMATION<\/strong><\/p>\n\n\n\n<p>Sans pr\u00e9judice de tout autre recours administratif ou juridictionnel, vous disposez du droit d\u2019introduire une r\u00e9clamation aupr\u00e8s d\u2019une autorit\u00e9 de contr\u00f4le, notamment dans l\u2019Etat membre de votre r\u00e9sidence habituelle, lieu de travail ou lieu de la violation all\u00e9gu\u00e9e si vous consid\u00e9rez que le traitement de vos Donn\u00e9es enfreint le RGPD.<\/p>\n\n\n\n<p><a><\/a><a>Autorit\u00e9 de protection des donn\u00e9es <\/a>\u2022 Rue de la Presse 35, 1000 Bruxelles<\/p>\n\n\n\n<p>Tel : +32(0)2 274 48 00 \u2022 Fax : +32(0)2 274 48 35<\/p>\n\n\n\n<p>Email : contact@apd-gba.be<\/p>\n","protected":false},"excerpt":{"rendered":"<p>ARTICLE 1 \u2013 PRINCIPES GENERAUX 1.1&nbsp; Barbecue&nbsp;&amp;&nbsp;Vigne&nbsp;sprl dont le si\u00e8ge social est \u00e9tabli [adresse] enregistr\u00e9e \u00e0 la BCE sous le num\u00e9ro BE0684.683.903, ci-apr\u00e8s d\u00e9nomm\u00e9e Barbecue&nbsp;&amp;&nbsp;Vigne&nbsp;sprl exploite site web [urlsiteweb] (ci-apr\u00e8s le \u00ab Site \u00bb). 1.2&nbsp;&nbsp;&nbsp; Toutes les donn\u00e9es \u00e0 caract\u00e8re personnel que nous collectons (ci-apr\u00e8s les \u00ab Donn\u00e9es \u00bb) seront trait\u00e9es conform\u00e9ment aux r\u00e9glementations belges [&hellip;]<\/p>\n","protected":false},"author":6,"featured_media":0,"parent":0,"menu_order":0,"comment_status":"closed","ping_status":"closed","template":"","meta":{"_et_pb_use_builder":"off","_et_pb_old_content":"","_et_gb_content_width":"1080","footnotes":""},"class_list":["post-41","page","type-page","status-publish","hentry"],"_links":{"self":[{"href":"https:\/\/www.barbecue.be\/fr\/wp-json\/wp\/v2\/pages\/41","targetHints":{"allow":["GET"]}}],"collection":[{"href":"https:\/\/www.barbecue.be\/fr\/wp-json\/wp\/v2\/pages"}],"about":[{"href":"https:\/\/www.barbecue.be\/fr\/wp-json\/wp\/v2\/types\/page"}],"author":[{"embeddable":true,"href":"https:\/\/www.barbecue.be\/fr\/wp-json\/wp\/v2\/users\/6"}],"replies":[{"embeddable":true,"href":"https:\/\/www.barbecue.be\/fr\/wp-json\/wp\/v2\/comments?post=41"}],"version-history":[{"count":8,"href":"https:\/\/www.barbecue.be\/fr\/wp-json\/wp\/v2\/pages\/41\/revisions"}],"predecessor-version":[{"id":303,"href":"https:\/\/www.barbecue.be\/fr\/wp-json\/wp\/v2\/pages\/41\/revisions\/303"}],"wp:attachment":[{"href":"https:\/\/www.barbecue.be\/fr\/wp-json\/wp\/v2\/media?parent=41"}],"curies":[{"name":"wp","href":"https:\/\/api.w.org\/{rel}","templated":true}]}}