{"id":49723,"date":"2022-03-16T17:59:46","date_gmt":"2022-03-16T15:59:46","guid":{"rendered":"https:\/\/www.barbecue.be\/?post_type=product&#038;p=49723"},"modified":"2025-03-07T12:47:35","modified_gmt":"2025-03-07T10:47:35","slug":"sac-de-ceps-de-vigne-4kg","status":"publish","type":"product","link":"https:\/\/www.barbecue.be\/fr\/vignes-combustibles\/ceps-de-vigne","title":{"rendered":"Sac de Ceps de vigne &#8211; 4kg"},"content":{"rendered":"<p>Combustible principal, qui remplace le charbon de bois. Ce produit est 100% naturel et provient de vignobles c\u00e9l\u00e8bres o\u00f9 les vieilles vignes sont enlev\u00e9es lorsqu\u2019elles ont entre 50 et 70 ans. C\u2019est un bois tr\u00e8s dur. Les ceps de vignes ont ainsi tout le temps de parfumer vos grillades. Chaque sac de 4 kg est suffisant pour 3 barbecues de 3 \u00e0 4 personnes.<\/p>\n<h3>D\u00e9marrage<\/h3>\n<p>D\u00e9marrez votre barbecue \u00e0 l\u2019aide d\u2019une bonne flamb\u00e9e de petit bois sec. Dans les flammes, disposez quelques pieds de vignes. Les flammes vont disparaitre rapidement et les pieds de vignes vont continuer \u00e0 se consumer lentement, avec une tr\u00e8s agr\u00e9able fum\u00e9e.<\/p>\n<p>Pour commencer \u00e0 cuire, vous n\u2019\u00eates pas oblig\u00e9s d\u2019attendre que les pieds de vigne soient \u00e0 l\u2019\u00e9tat de braises car toutes les senteurs se d\u00e9gagent d\u00e8s le d\u00e9but de la combustion.<\/p>\n<h3>Cuisson<\/h3>\n<p>Apr\u00e8s + \u2013 10 minutes, vous pouvez d\u00e9j\u00e0 disposer vos aliments sur la grille et profiter de la fum\u00e9e qui se d\u00e9gage. Vous b\u00e9n\u00e9ficierez ainsi de tous les ar\u00f4mes si particuliers, propres aux pieds de vignes.<\/p>\n<p>Ouvrez une bonne bouteille de vin et bon app\u00e9tit.<\/p>\n","protected":false},"excerpt":{"rendered":"<p>Des ar\u00f4mes remarquables pour griller et pour fumer en m\u00eame temps<\/p>\n<p>Ils procurent un excellent fumage, tr\u00e8s prononc\u00e9 et caract\u00e9ristique.<\/p>\n<p>Ils s\u2019utilisent comme combustible principal \u00e0 la place du charbon de bois.<\/p>\n<p class=\"field-item even\"><strong>R\u00e9f\u00e9rence :<\/strong><\/p>\n<p class=\"field-item even\">PDVS4KG<\/p>\n<p>Livraison : Belgique, France, Luxembourg, Pays-Bas et Allemagne<\/p>\n<p>Maximum 25 kg par commande<\/p>\n","protected":false},"featured_media":50169,"template":"","meta":{"_et_pb_use_builder":"off","_et_pb_old_content":"Combustible principal, qui remplace le charbon de bois. Ce produit est 100% naturel et provient de vignobles c\u00e9l\u00e8bres o\u00f9 les vieilles vignes sont enlev\u00e9es lorsqu\u2019elles ont entre 50 et 70 ans. C\u2019est un bois tr\u00e8s dur. Les ceps de vignes ont ainsi tout le temps de parfumer vos grillades. Chaque sac de 4 kg est suffisant pour 3 barbecues de 3 \u00e0 4 personnes.\r\n<h3>D\u00e9marrage<\/h3>\r\nD\u00e9marrez votre barbecue \u00e0 l\u2019aide d\u2019une bonne flamb\u00e9e de petit bois sec. Dans les flammes, disposez quelques pieds de vignes. Les flammes vont disparaitre rapidement et les pieds de vignes vont continuer \u00e0 se consumer lentement, avec une tr\u00e8s agr\u00e9able fum\u00e9e.\r\n\r\nPour commencer \u00e0 cuire, vous n\u2019\u00eates pas oblig\u00e9s d\u2019attendre que les pieds de vigne soient \u00e0 l\u2019\u00e9tat de braises car toutes les senteurs se d\u00e9gagent d\u00e8s le d\u00e9but de la combustion.\r\n<h3>Cuisson<\/h3>\r\nApr\u00e8s + \u2013 10 minutes, vous pouvez d\u00e9j\u00e0 disposer vos aliments sur la grille et profiter de la fum\u00e9e qui se d\u00e9gage. Vous b\u00e9n\u00e9ficierez ainsi de tous les ar\u00f4mes si particuliers, propres aux pieds de vignes.\r\n\r\nOuvrez une bonne bouteille de vin et bon app\u00e9tit.","_et_gb_content_width":""},"product_brand":[],"product_cat":[40],"product_tag":[],"class_list":{"0":"post-49723","1":"product","2":"type-product","3":"status-publish","4":"has-post-thumbnail","6":"product_cat-vignes-combustibles","8":"first","9":"instock","10":"taxable","11":"shipping-taxable","12":"purchasable","13":"product-type-simple"},"_links":{"self":[{"href":"https:\/\/www.barbecue.be\/fr\/wp-json\/wp\/v2\/product\/49723","targetHints":{"allow":["GET"]}}],"collection":[{"href":"https:\/\/www.barbecue.be\/fr\/wp-json\/wp\/v2\/product"}],"about":[{"href":"https:\/\/www.barbecue.be\/fr\/wp-json\/wp\/v2\/types\/product"}],"wp:featuredmedia":[{"embeddable":true,"href":"https:\/\/www.barbecue.be\/fr\/wp-json\/wp\/v2\/media\/50169"}],"wp:attachment":[{"href":"https:\/\/www.barbecue.be\/fr\/wp-json\/wp\/v2\/media?parent=49723"}],"wp:term":[{"taxonomy":"product_brand","embeddable":true,"href":"https:\/\/www.barbecue.be\/fr\/wp-json\/wp\/v2\/product_brand?post=49723"},{"taxonomy":"product_cat","embeddable":true,"href":"https:\/\/www.barbecue.be\/fr\/wp-json\/wp\/v2\/product_cat?post=49723"},{"taxonomy":"product_tag","embeddable":true,"href":"https:\/\/www.barbecue.be\/fr\/wp-json\/wp\/v2\/product_tag?post=49723"}],"curies":[{"name":"wp","href":"https:\/\/api.w.org\/{rel}","templated":true}]}}