{"id":49728,"date":"2022-03-16T18:14:44","date_gmt":"2022-03-16T16:14:44","guid":{"rendered":"https:\/\/www.barbecue.be\/?post_type=product&#038;p=49728"},"modified":"2025-03-07T12:08:11","modified_gmt":"2025-03-07T10:08:11","slug":"copeaux-de-vigne-0-5kg","status":"publish","type":"product","link":"https:\/\/www.barbecue.be\/fr\/vignes-combustibles\/copeaux-de-vigne\/","title":{"rendered":"Copeaux de vigne &#8211; 0.5kg"},"content":{"rendered":"<p>Pour les amateurs de barbecue au gaz ou autre combustible, ces copeaux de vigne procurent un fumage l\u00e9ger et d\u00e9licat.<br \/>\nDispos\u00e9s dans un r\u00e9cipient ad hoc, ces copeaux vous apportent toutes les saveurs du midi pour parfumer savoureusement vos grillades.<\/p>\n<ul>\n<li>Parfaits pour un fumage l\u00e9ger et d\u00e9licat sur barbecue traditionnel ou au gaz<\/li>\n<li>Ces copeaux de vigne vous permettent d\u2019aromatiser d\u00e9licatement vos grillades.<\/li>\n<\/ul>\n<h3>Utilisation<\/h3>\n<p>Rien de plus simple, il vous suffit de d\u00e9poser une poign\u00e9e de copeaux dans un r\u00e9cipient m\u00e9tallique \u00e0 proximit\u00e9 de la source de chaleur ou de les disposer dans le compartiment fumage de votre barbecue au gaz pour un effet imm\u00e9diat. Pour qu\u2019ils fument encore plus longtemps n\u2019h\u00e9sitez pas \u00e0 les tremper dans l\u2019eau avant de les exposer \u00e0 la source de chaleur.<\/p>\n","protected":false},"excerpt":{"rendered":"<p>Des ar\u00f4mes remarquables pour griller et pour fumer en m\u00eame temps<\/p>\n<p><strong>R\u00e9f\u00e9rence :<\/strong><br \/>\nCOP500gr<\/p>\n<div class=\"woocommerce-product-details__short-description\">\n<p>Livraison : France et Belgique<\/p>\n<\/div>\n","protected":false},"featured_media":50168,"template":"","meta":{"_et_pb_use_builder":"","_et_pb_old_content":"","_et_gb_content_width":""},"product_brand":[],"product_cat":[40],"product_tag":[],"class_list":{"0":"post-49728","1":"product","2":"type-product","3":"status-publish","4":"has-post-thumbnail","6":"product_cat-vignes-combustibles","8":"first","9":"instock","10":"taxable","11":"shipping-taxable","12":"purchasable","13":"product-type-simple"},"_links":{"self":[{"href":"https:\/\/www.barbecue.be\/fr\/wp-json\/wp\/v2\/product\/49728","targetHints":{"allow":["GET"]}}],"collection":[{"href":"https:\/\/www.barbecue.be\/fr\/wp-json\/wp\/v2\/product"}],"about":[{"href":"https:\/\/www.barbecue.be\/fr\/wp-json\/wp\/v2\/types\/product"}],"wp:featuredmedia":[{"embeddable":true,"href":"https:\/\/www.barbecue.be\/fr\/wp-json\/wp\/v2\/media\/50168"}],"wp:attachment":[{"href":"https:\/\/www.barbecue.be\/fr\/wp-json\/wp\/v2\/media?parent=49728"}],"wp:term":[{"taxonomy":"product_brand","embeddable":true,"href":"https:\/\/www.barbecue.be\/fr\/wp-json\/wp\/v2\/product_brand?post=49728"},{"taxonomy":"product_cat","embeddable":true,"href":"https:\/\/www.barbecue.be\/fr\/wp-json\/wp\/v2\/product_cat?post=49728"},{"taxonomy":"product_tag","embeddable":true,"href":"https:\/\/www.barbecue.be\/fr\/wp-json\/wp\/v2\/product_tag?post=49728"}],"curies":[{"name":"wp","href":"https:\/\/api.w.org\/{rel}","templated":true}]}}