{"id":50140,"date":"2022-06-03T16:37:41","date_gmt":"2022-06-03T14:37:41","guid":{"rendered":"https:\/\/www.barbecue.be\/?post_type=product&#038;p=50140"},"modified":"2022-06-25T12:12:28","modified_gmt":"2022-06-25T10:12:28","slug":"hawai","status":"publish","type":"product","link":"https:\/\/www.barbecue.be\/fr\/barbecues\/hawai","title":{"rendered":"Barbecue Hawa\u00ef"},"content":{"rendered":"<ul>\n<li>Diam\u00e8tre du BBQ : 80cm<\/li>\n<li>Epaisseur du foyer : 4 mm<\/li>\n<li>Hauteur : 80cm<\/li>\n<li>Grilles r\u00e9glables en hauteur<\/li>\n<li>Grilles d\u00e9pla\u00e7ables lat\u00e9ralement<\/li>\n<li>4 pieds amovibles<\/li>\n<li>Poign\u00e9es : 2<\/li>\n<li>Poids : 35kg sans grilles ni accessoires<\/li>\n<li>Orifice d\u2019\u00e9vacuation des cendres<\/li>\n<li>Points d\u2019ancrage pour grille : 2<\/li>\n<\/ul>\n","protected":false},"excerpt":{"rendered":"<p>Le BBQ Hawa\u00ef se compose de :<\/p>\n<ul>\n<li>BBQ diam 80cm<\/li>\n<li>Grille ronde diam 60cm INOX<\/li>\n<li>Perche standard INOX<\/li>\n<li>Planche en bois<\/li>\n<li>Porte ustensiles<\/li>\n<li>Set de 4 ustensiles<\/li>\n<\/ul>\n","protected":false},"featured_media":50217,"template":"","meta":{"_et_pb_use_builder":"","_et_pb_old_content":"","_et_gb_content_width":""},"product_brand":[],"product_cat":[38],"product_tag":[],"class_list":{"0":"post-50140","1":"product","2":"type-product","3":"status-publish","4":"has-post-thumbnail","6":"product_cat-barbecues","8":"first","9":"instock","10":"taxable","11":"shipping-taxable","12":"product-type-simple"},"_links":{"self":[{"href":"https:\/\/www.barbecue.be\/fr\/wp-json\/wp\/v2\/product\/50140","targetHints":{"allow":["GET"]}}],"collection":[{"href":"https:\/\/www.barbecue.be\/fr\/wp-json\/wp\/v2\/product"}],"about":[{"href":"https:\/\/www.barbecue.be\/fr\/wp-json\/wp\/v2\/types\/product"}],"wp:featuredmedia":[{"embeddable":true,"href":"https:\/\/www.barbecue.be\/fr\/wp-json\/wp\/v2\/media\/50217"}],"wp:attachment":[{"href":"https:\/\/www.barbecue.be\/fr\/wp-json\/wp\/v2\/media?parent=50140"}],"wp:term":[{"taxonomy":"product_brand","embeddable":true,"href":"https:\/\/www.barbecue.be\/fr\/wp-json\/wp\/v2\/product_brand?post=50140"},{"taxonomy":"product_cat","embeddable":true,"href":"https:\/\/www.barbecue.be\/fr\/wp-json\/wp\/v2\/product_cat?post=50140"},{"taxonomy":"product_tag","embeddable":true,"href":"https:\/\/www.barbecue.be\/fr\/wp-json\/wp\/v2\/product_tag?post=50140"}],"curies":[{"name":"wp","href":"https:\/\/api.w.org\/{rel}","templated":true}]}}