{"id":50143,"date":"2022-06-03T16:47:24","date_gmt":"2022-06-03T14:47:24","guid":{"rendered":"https:\/\/www.barbecue.be\/?post_type=product&#038;p=50143"},"modified":"2022-06-25T12:10:25","modified_gmt":"2022-06-25T10:10:25","slug":"saint-tropez","status":"publish","type":"product","link":"https:\/\/www.barbecue.be\/fr\/barbecues\/saint-tropez","title":{"rendered":"Barbecue Saint-Tropez"},"content":{"rendered":"<ul>\n<li>Diam\u00e8tre du BBQ : 80cm<\/li>\n<li>Epaisseur du foyer : 4 mm<\/li>\n<li>Hauteur : 80cm<\/li>\n<li>Grilles r\u00e9glables en hauteur<\/li>\n<li>Grilles d\u00e9pla\u00e7ables lat\u00e9ralement<\/li>\n<li>4 pieds amovibles<\/li>\n<li>Poign\u00e9es : 2<\/li>\n<li>Poids : 35kg sans grilles ni accessoires<\/li>\n<li>Orifice d\u2019\u00e9vacuation des cendres<\/li>\n<li>Points d\u2019ancrage pour grille : 2<\/li>\n<\/ul>\n","protected":false},"excerpt":{"rendered":"<p>Le BBQ Saint-Tropez se compose de :<\/p>\n<ul>\n<li>1 BBQ diam 80cm<\/li>\n<li>1 grille carr\u00e9e INOX 50x50cm<\/li>\n<li>1 grille ronde diam 60cm INOX<\/li>\n<li>1 perche standard INOX<\/li>\n<li>1 planche en bois<\/li>\n<li>1 porte ustensiles<\/li>\n<li>1 set de 4 ustensiles<\/li>\n<\/ul>\n","protected":false},"featured_media":50321,"template":"","meta":{"_et_pb_use_builder":"off","_et_pb_old_content":"<ul>\r\n \t<li>Diam\u00e8tre du BBQ : 80cm<\/li>\r\n \t<li>Epaisseur du foyer : 4 mm<\/li>\r\n \t<li>Hauteur : 80cm<\/li>\r\n \t<li>Grilles r\u00e9glables en hauteur<\/li>\r\n \t<li>Grilles d\u00e9pla\u00e7ables lat\u00e9ralement<\/li>\r\n \t<li>4 pieds amovibles<\/li>\r\n \t<li>Poign\u00e9es : 2<\/li>\r\n \t<li>Poids : 35kg sans grilles ni accessoires<\/li>\r\n \t<li>Orifice d\u2019\u00e9vacuation des cendres<\/li>\r\n \t<li>Points d\u2019ancrage pour grille : 2<\/li>\r\n<\/ul>","_et_gb_content_width":""},"product_brand":[],"product_cat":[38],"product_tag":[],"class_list":{"0":"post-50143","1":"product","2":"type-product","3":"status-publish","4":"has-post-thumbnail","6":"product_cat-barbecues","8":"first","9":"instock","10":"taxable","11":"shipping-taxable","12":"product-type-simple"},"_links":{"self":[{"href":"https:\/\/www.barbecue.be\/fr\/wp-json\/wp\/v2\/product\/50143","targetHints":{"allow":["GET"]}}],"collection":[{"href":"https:\/\/www.barbecue.be\/fr\/wp-json\/wp\/v2\/product"}],"about":[{"href":"https:\/\/www.barbecue.be\/fr\/wp-json\/wp\/v2\/types\/product"}],"wp:featuredmedia":[{"embeddable":true,"href":"https:\/\/www.barbecue.be\/fr\/wp-json\/wp\/v2\/media\/50321"}],"wp:attachment":[{"href":"https:\/\/www.barbecue.be\/fr\/wp-json\/wp\/v2\/media?parent=50143"}],"wp:term":[{"taxonomy":"product_brand","embeddable":true,"href":"https:\/\/www.barbecue.be\/fr\/wp-json\/wp\/v2\/product_brand?post=50143"},{"taxonomy":"product_cat","embeddable":true,"href":"https:\/\/www.barbecue.be\/fr\/wp-json\/wp\/v2\/product_cat?post=50143"},{"taxonomy":"product_tag","embeddable":true,"href":"https:\/\/www.barbecue.be\/fr\/wp-json\/wp\/v2\/product_tag?post=50143"}],"curies":[{"name":"wp","href":"https:\/\/api.w.org\/{rel}","templated":true}]}}