{"id":50206,"date":"2022-06-11T15:09:03","date_gmt":"2022-06-11T13:09:03","guid":{"rendered":"https:\/\/www.barbecue.be\/?post_type=product&#038;p=50206"},"modified":"2022-07-04T00:40:34","modified_gmt":"2022-07-03T22:40:34","slug":"barcelone","status":"publish","type":"product","link":"https:\/\/www.barbecue.be\/fr\/barbecues-planchas\/barcelone\/","title":{"rendered":"Barbecue Plancha Barcelone"},"content":{"rendered":"<ul>\n<li>Diam\u00e8tre du BBQ : 80cm<\/li>\n<li>Epaisseur du foyer : 4 mm<\/li>\n<li>Hauteur : 80cm<\/li>\n<li>Epaisseur plancha : 3 mm<\/li>\n<li>Plancha r\u00e9glable en hauteur<\/li>\n<li>Plancha d\u00e9pla\u00e7able lat\u00e9ralement<\/li>\n<li>4 pieds amovibles<\/li>\n<li>Poign\u00e9es : 2<\/li>\n<li>Poids : 35 kg sans plancha (7kg) ni accessoires<\/li>\n<li>Orifice d\u2019\u00e9vacuation des cendres<\/li>\n<li>Points d\u2019ancrage pour grille : 2<\/li>\n<\/ul>\n","protected":false},"excerpt":{"rendered":"<p>Le BBQ Plancha Barcelone se compose de :<\/p>\n<ul>\n<li>1 BBQ diam 80cm<\/li>\n<li>1 plancha diam 60 INOX<\/li>\n<li>1 perche standard INOX<\/li>\n<\/ul>\n","protected":false},"featured_media":50208,"template":"","meta":{"_et_pb_use_builder":"","_et_pb_old_content":"","_et_gb_content_width":""},"product_brand":[],"product_cat":[44],"product_tag":[],"class_list":{"0":"post-50206","1":"product","2":"type-product","3":"status-publish","4":"has-post-thumbnail","6":"product_cat-barbecues-planchas","8":"first","9":"instock","10":"taxable","11":"shipping-taxable","12":"product-type-simple"},"_links":{"self":[{"href":"https:\/\/www.barbecue.be\/fr\/wp-json\/wp\/v2\/product\/50206","targetHints":{"allow":["GET"]}}],"collection":[{"href":"https:\/\/www.barbecue.be\/fr\/wp-json\/wp\/v2\/product"}],"about":[{"href":"https:\/\/www.barbecue.be\/fr\/wp-json\/wp\/v2\/types\/product"}],"wp:featuredmedia":[{"embeddable":true,"href":"https:\/\/www.barbecue.be\/fr\/wp-json\/wp\/v2\/media\/50208"}],"wp:attachment":[{"href":"https:\/\/www.barbecue.be\/fr\/wp-json\/wp\/v2\/media?parent=50206"}],"wp:term":[{"taxonomy":"product_brand","embeddable":true,"href":"https:\/\/www.barbecue.be\/fr\/wp-json\/wp\/v2\/product_brand?post=50206"},{"taxonomy":"product_cat","embeddable":true,"href":"https:\/\/www.barbecue.be\/fr\/wp-json\/wp\/v2\/product_cat?post=50206"},{"taxonomy":"product_tag","embeddable":true,"href":"https:\/\/www.barbecue.be\/fr\/wp-json\/wp\/v2\/product_tag?post=50206"}],"curies":[{"name":"wp","href":"https:\/\/api.w.org\/{rel}","templated":true}]}}